{"id":89,"date":"2015-01-26T10:46:17","date_gmt":"2015-01-26T10:46:17","guid":{"rendered":"http:\/\/jtphil.de\/wordpress\/?page_id=89"},"modified":"2021-12-02T16:49:35","modified_gmt":"2021-12-02T16:49:35","slug":"mittun","status":"publish","type":"page","link":"https:\/\/jtphil.de\/?page_id=89","title":{"rendered":"Einreichen"},"content":{"rendered":"\n<p>Sie k\u00f6nnen uns zu allen unten genannten Rubriken des Jahrbuchs jederzeit Vorschl\u00e4ge und Texte einsenden.<\/p>\n\n\n\t\t\t\t\t\t<style>\r\n\t\t\t\t<style>\r\n#wpsm_accordion_818 .wpsm_panel-heading{\r\n\tpadding:0px !important;\r\n}\r\n#wpsm_accordion_818 .wpsm_panel-title {\r\n\tmargin:0px !important; \r\n\ttext-transform:none !important;\r\n\tline-height: 1 !important;\r\n}\r\n#wpsm_accordion_818 .wpsm_panel-title a{\r\n\ttext-decoration:none;\r\n\toverflow:hidden;\r\n\tdisplay:block;\r\n\tpadding:0px;\r\n\tfont-size: 18px !important;\r\n\tfont-family: Open Sans !important;\r\n\tcolor:#000000 !important;\r\n\tborder-bottom:0px !important;\r\n}\r\n\r\n#wpsm_accordion_818 .wpsm_panel-title a:focus {\r\noutline: 0px !important;\r\n}\r\n\r\n#wpsm_accordion_818 .wpsm_panel-title a:hover, #wpsm_accordion_818 .wpsm_panel-title a:focus {\r\n\tcolor:#000000 !important;\r\n}\r\n#wpsm_accordion_818 .acc-a{\r\n\tcolor: #000000 !important;\r\n\tbackground-color:#e8e8e8 !important;\r\n\tborder-color: #ddd;\r\n}\r\n#wpsm_accordion_818 .wpsm_panel-default > .wpsm_panel-heading{\r\n\tcolor: #000000 !important;\r\n\tbackground-color: #e8e8e8 !important;\r\n\tborder-color: #e8e8e8 !important;\r\n\tborder-top-left-radius: 0px;\r\n\tborder-top-right-radius: 0px;\r\n}\r\n#wpsm_accordion_818 .wpsm_panel-default {\r\n\t\tborder:1px solid transparent !important;\r\n\t}\r\n#wpsm_accordion_818 {\r\n\tmargin-bottom: 20px;\r\n\toverflow: hidden;\r\n\tfloat: none;\r\n\twidth: 100%;\r\n\tdisplay: block;\r\n}\r\n#wpsm_accordion_818 .ac_title_class{\r\n\tdisplay: block;\r\n\tpadding-top: 12px;\r\n\tpadding-bottom: 12px;\r\n\tpadding-left: 15px;\r\n\tpadding-right: 15px;\r\n}\r\n#wpsm_accordion_818  .wpsm_panel {\r\n\toverflow:hidden;\r\n\t-webkit-box-shadow: 0 0px 0px rgba(0, 0, 0, .05);\r\n\tbox-shadow: 0 0px 0px rgba(0, 0, 0, .05);\r\n\t\tborder-radius: 4px;\r\n\t}\r\n#wpsm_accordion_818  .wpsm_panel + .wpsm_panel {\r\n\t\tmargin-top: 5px;\r\n\t}\r\n#wpsm_accordion_818  .wpsm_panel-body{\r\n\tbackground-color:#ffffff !important;\r\n\tcolor:#000000 !important;\r\n\tborder-top-color: #e8e8e8 !important;\r\n\tfont-size:16px !important;\r\n\tfont-family: Open Sans !important;\r\n\toverflow: hidden;\r\n\t\tborder: 2px solid #e8e8e8 !important;\r\n\t}\r\n\r\n#wpsm_accordion_818 .ac_open_cl_icon{\r\n\tbackground-color:#e8e8e8 !important;\r\n\tcolor: #000000 !important;\r\n\tfloat:right !important;\r\n\tpadding-top: 12px !important;\r\n\tpadding-bottom: 12px !important;\r\n\tline-height: 1.0 !important;\r\n\tpadding-left: 15px !important;\r\n\tpadding-right: 15px !important;\r\n\tdisplay: inline-block !important;\r\n}\r\n\r\n\t\t\t\r\n\t\t\t<\/style>\t\r\n\t\t\t<\/style>\r\n\t\t\t<div class=\"wpsm_panel-group\" id=\"wpsm_accordion_818\" >\r\n\t\t\t\t\t\t\t\t\r\n\t\t\t\t\t<!-- Inner panel Start -->\r\n\t\t\t\t\t<div class=\"wpsm_panel wpsm_panel-default\">\r\n\t\t\t\t\t\t<div class=\"wpsm_panel-heading\" role=\"tab\" >\r\n\t\t\t\t\t\t  <h4 class=\"wpsm_panel-title\">\r\n\t\t\t\t\t\t\t<a  class=\"\"  data-toggle=\"collapse\" data-parent=\"#wpsm_accordion_818 \" href=\"javascript:void(0)\" data-target=\"#ac_818_collapse1\" onclick=\"do_resize()\">\r\n\t\t\t\t\t\t\t\t\t\t\t\t\t\t\t\t\t<span class=\"ac_open_cl_icon fa fa-plus\"><\/span>\r\n\t\t\t\t\t\t\t\t\t\r\n\t\t\t\t\t\t\t\t \r\n\t\t\t\t\t\t\t\t<span class=\"ac_title_class\">\r\n\t\t\t\t\t\t\t\t\t\t\t\t\t\t\t\t\t\t\t\t<span style=\"margin-right:6px;\" class=\"fa fa-file-text-o\"><\/span>\r\n\t\t\t\t\t\t\t\t\tThemenschwerpunkt\t\t\t\t\t\t\t\t<\/span>\r\n\t\t\t\t\t\t\t<\/a>\r\n\t\t\t\t\t\t  <\/h4>\r\n\t\t\t\t\t\t<\/div>\r\n\t\t\t\t\t\t<div id=\"ac_818_collapse1\" class=\"wpsm_panel-collapse collapse \"  >\r\n\t\t\t\t\t\t  <div class=\"wpsm_panel-body\">\r\n\t\t\t\t\t\t\tEin aktuelles Thema, das von mehreren Autor*innen beleuchtet wird \u2013 schlagen Sie uns ein Schwerpunktthema vor oder senden Sie uns einen Aufsatz zum kommenden Schwerpunkt (siehe CfP).\r\n\r\nManuskripte f\u00fcr Schwerpunkt\u00adbeitr\u00e4ge sollten bis zum 15. Januar der Redaktion vorliegen, um f\u00fcr f\u00fcr eine Publikation im Folgejahrgang ber\u00fccksichtigt werden zu k\u00f6nnen. Es besteht auch die M\u00f6glichkeit, vor dem Einsendedatum Themenskizzen (Abstracts) f\u00fcr Beitr\u00e4ge einzureichen, um ein redaktionelles Vorab-Feedback zu den Themenvorschl\u00e4gen zu erhalten. \r\n\r\nSchwerpunktbeitr\u00e4ge sollten nicht mehr als 45.000 Zeichen (inkl. Leerzeichen und Anmerkungen) umfassen. Alle pers\u00f6n\u00adlichen Angaben sind wegen des Review-Verfahrens ausschlie\u00dflich auf dem Deckblatt zu vermerken. \r\n\r\nSenden Sie uns den Text bitte zusammen mit einem zweisprachigen Abstract sowie einer zweisprachigen Autor:innen-Information zu.\r\n\r\nN\u00e4here Angaben zur Gestaltung der Texte entnehmen Sie bitte dem Stylesheet (siehe unten).\t\t\t\t\t\t  <\/div>\r\n\t\t\t\t\t\t<\/div>\r\n\t\t\t\t\t<\/div>\r\n\t\t\t\t\t<!-- Inner panel End -->\r\n\t\t\t\t\t\r\n\t\t\t\t\t\t\t\t\r\n\t\t\t\t\t<!-- Inner panel Start -->\r\n\t\t\t\t\t<div class=\"wpsm_panel wpsm_panel-default\">\r\n\t\t\t\t\t\t<div class=\"wpsm_panel-heading\" role=\"tab\" >\r\n\t\t\t\t\t\t  <h4 class=\"wpsm_panel-title\">\r\n\t\t\t\t\t\t\t<a  class=\"collapsed\"  data-toggle=\"collapse\" data-parent=\"#wpsm_accordion_818 \" href=\"javascript:void(0)\" data-target=\"#ac_818_collapse2\" onclick=\"do_resize()\">\r\n\t\t\t\t\t\t\t\t\t\t\t\t\t\t\t\t\t<span class=\"ac_open_cl_icon fa fa-plus\"><\/span>\r\n\t\t\t\t\t\t\t\t\t\r\n\t\t\t\t\t\t\t\t \r\n\t\t\t\t\t\t\t\t<span class=\"ac_title_class\">\r\n\t\t\t\t\t\t\t\t\t\t\t\t\t\t\t\t\t\t\t\t<span style=\"margin-right:6px;\" class=\"fa fa-file-text-o\"><\/span>\r\n\t\t\t\t\t\t\t\t\tAbhandlung\t\t\t\t\t\t\t\t<\/span>\r\n\t\t\t\t\t\t\t<\/a>\r\n\t\t\t\t\t\t  <\/h4>\r\n\t\t\t\t\t\t<\/div>\r\n\t\t\t\t\t\t<div id=\"ac_818_collapse2\" class=\"wpsm_panel-collapse collapse \"  >\r\n\t\t\t\t\t\t  <div class=\"wpsm_panel-body\">\r\n\t\t\t\t\t\t\tReichen Sie einen Aufsatz zu einem beliebigen technikphilosophischen Thema ein.\r\n\r\nManuskripte f\u00fcr Abhandlungen sollten bis zum 15. Januar der Redaktion vorliegen, um f\u00fcr f\u00fcr eine Publikation im Folgejahrgang ber\u00fccksichtigt werden zu k\u00f6nnen. Es besteht auch die M\u00f6glichkeit, Themenskizzen (Abstracts) f\u00fcr Beitr\u00e4ge vor dem Einsendedatum einzureichen, um ein redaktionelles Vorab-Feedback zu den Themenvorschl\u00e4gen zu erhalten. \r\n\r\nAbhandlungen sollten nicht mehr als 45.000 Zeichen (inkl. Leerzeichen und Anmerkungen) umfassen. Alle pers\u00f6n\u00adlichen Angaben sind wegen des Review-Verfahrens ausschlie\u00dflich auf dem Deckblatt zu vermerken. \r\n\r\nSenden Sie uns den Text bitte zusammen mit einem zweisprachigen Abstract sowie einer zweisprachigen Autor:innen-Information zu.\r\n\r\nN\u00e4here Angaben zur Textgestaltung finden Sie im Stylesheet (siehe unten).\t\t\t\t\t\t  <\/div>\r\n\t\t\t\t\t\t<\/div>\r\n\t\t\t\t\t<\/div>\r\n\t\t\t\t\t<!-- Inner panel End -->\r\n\t\t\t\t\t\r\n\t\t\t\t\t\t\t\t\r\n\t\t\t\t\t<!-- Inner panel Start -->\r\n\t\t\t\t\t<div class=\"wpsm_panel wpsm_panel-default\">\r\n\t\t\t\t\t\t<div class=\"wpsm_panel-heading\" role=\"tab\" >\r\n\t\t\t\t\t\t  <h4 class=\"wpsm_panel-title\">\r\n\t\t\t\t\t\t\t<a  class=\"collapsed\"  data-toggle=\"collapse\" data-parent=\"#wpsm_accordion_818 \" href=\"javascript:void(0)\" data-target=\"#ac_818_collapse3\" onclick=\"do_resize()\">\r\n\t\t\t\t\t\t\t\t\t\t\t\t\t\t\t\t\t<span class=\"ac_open_cl_icon fa fa-plus\"><\/span>\r\n\t\t\t\t\t\t\t\t\t\r\n\t\t\t\t\t\t\t\t \r\n\t\t\t\t\t\t\t\t<span class=\"ac_title_class\">\r\n\t\t\t\t\t\t\t\t\t\t\t\t\t\t\t\t\t\t\t\t<span style=\"margin-right:6px;\" class=\"fa fa-archive\"><\/span>\r\n\t\t\t\t\t\t\t\t\tArchiv\t\t\t\t\t\t\t\t<\/span>\r\n\t\t\t\t\t\t\t<\/a>\r\n\t\t\t\t\t\t  <\/h4>\r\n\t\t\t\t\t\t<\/div>\r\n\t\t\t\t\t\t<div id=\"ac_818_collapse3\" class=\"wpsm_panel-collapse collapse \"  >\r\n\t\t\t\t\t\t  <div class=\"wpsm_panel-body\">\r\n\t\t\t\t\t\t\tEin unbekannter oder vergriffener Text zur Technikphilosophie \u2013 schicken Sie uns ihre Flaschenpost. \r\n\r\n\"Archiv\"-Texte k\u00f6nnen entweder ganze Aufs\u00e4tze oder ausgew\u00e4hlte Ausz\u00fcge aus Werken sein, die f\u00fcr den Wiederabgedruck ausgew\u00e4hlt werden.\r\n\r\nDen \"Archiv\"-Texten werden stets durch ein editorisches Vor- oder Nachwort kommentiert, den den Text kontextualisiert und seine Relevanz f\u00fcr die aktuelle technikphilosophische Diskussion hervorhebt.\t\t\t\t\t\t  <\/div>\r\n\t\t\t\t\t\t<\/div>\r\n\t\t\t\t\t<\/div>\r\n\t\t\t\t\t<!-- Inner panel End -->\r\n\t\t\t\t\t\r\n\t\t\t\t\t\t\t\t\r\n\t\t\t\t\t<!-- Inner panel Start -->\r\n\t\t\t\t\t<div class=\"wpsm_panel wpsm_panel-default\">\r\n\t\t\t\t\t\t<div class=\"wpsm_panel-heading\" role=\"tab\" >\r\n\t\t\t\t\t\t  <h4 class=\"wpsm_panel-title\">\r\n\t\t\t\t\t\t\t<a  class=\"collapsed\"  data-toggle=\"collapse\" data-parent=\"#wpsm_accordion_818 \" href=\"javascript:void(0)\" data-target=\"#ac_818_collapse4\" onclick=\"do_resize()\">\r\n\t\t\t\t\t\t\t\t\t\t\t\t\t\t\t\t\t<span class=\"ac_open_cl_icon fa fa-plus\"><\/span>\r\n\t\t\t\t\t\t\t\t\t\r\n\t\t\t\t\t\t\t\t \r\n\t\t\t\t\t\t\t\t<span class=\"ac_title_class\">\r\n\t\t\t\t\t\t\t\t\t\t\t\t\t\t\t\t\t\t\t\t<span style=\"margin-right:6px;\" class=\"fa fa-book\"><\/span>\r\n\t\t\t\t\t\t\t\t\tDiskussion\t\t\t\t\t\t\t\t<\/span>\r\n\t\t\t\t\t\t\t<\/a>\r\n\t\t\t\t\t\t  <\/h4>\r\n\t\t\t\t\t\t<\/div>\r\n\t\t\t\t\t\t<div id=\"ac_818_collapse4\" class=\"wpsm_panel-collapse collapse \"  >\r\n\t\t\t\t\t\t  <div class=\"wpsm_panel-body\">\r\n\t\t\t\t\t\t\tDiskussionsw\u00fcrdige Publikationen j\u00fcngeren Datums, bisher noch nicht ins rechte Licht ger\u00fcckt? \u2013 senden Sie uns Ihre Einsch\u00e4tzung. \r\n\r\nIn unserem Rezensionsteil ver\u00f6ffentlichen wir klassische Buchbesprechungen ebenso wie ausf\u00fchrlichere Kritiken von technikphilosophisch interessanten Publikationen der letzten Jahre, die noch keine ausreichende W\u00fcrdigung erfahren haben.\r\n\r\nManuskripte f\u00fcr Buchbesprechungen k\u00f6nnen jederzeit eingereicht werden.  \t\t\t\t\t\t  <\/div>\r\n\t\t\t\t\t\t<\/div>\r\n\t\t\t\t\t<\/div>\r\n\t\t\t\t\t<!-- Inner panel End -->\r\n\t\t\t\t\t\r\n\t\t\t\t\t\t\t\t\r\n\t\t\t\t\t<!-- Inner panel Start -->\r\n\t\t\t\t\t<div class=\"wpsm_panel wpsm_panel-default\">\r\n\t\t\t\t\t\t<div class=\"wpsm_panel-heading\" role=\"tab\" >\r\n\t\t\t\t\t\t  <h4 class=\"wpsm_panel-title\">\r\n\t\t\t\t\t\t\t<a  class=\"collapsed\"  data-toggle=\"collapse\" data-parent=\"#wpsm_accordion_818 \" href=\"javascript:void(0)\" data-target=\"#ac_818_collapse5\" onclick=\"do_resize()\">\r\n\t\t\t\t\t\t\t\t\t\t\t\t\t\t\t\t\t<span class=\"ac_open_cl_icon fa fa-plus\"><\/span>\r\n\t\t\t\t\t\t\t\t\t\r\n\t\t\t\t\t\t\t\t \r\n\t\t\t\t\t\t\t\t<span class=\"ac_title_class\">\r\n\t\t\t\t\t\t\t\t\t\t\t\t\t\t\t\t\t\t\t\t<span style=\"margin-right:6px;\" class=\"fa fa-bullhorn\"><\/span>\r\n\t\t\t\t\t\t\t\t\tKommentar\t\t\t\t\t\t\t\t<\/span>\r\n\t\t\t\t\t\t\t<\/a>\r\n\t\t\t\t\t\t  <\/h4>\r\n\t\t\t\t\t\t<\/div>\r\n\t\t\t\t\t\t<div id=\"ac_818_collapse5\" class=\"wpsm_panel-collapse collapse \"  >\r\n\t\t\t\t\t\t  <div class=\"wpsm_panel-body\">\r\n\t\t\t\t\t\t\tEine Krise, eine Gesetzesnovelle, eine schleichende Ver\u00e4nderung unserer Praxis, bei der Technik im Mittelpunkt steht \u2013 senden Sie uns Ihren Kommentar dazu.\r\n\r\nKommentare k\u00f6nnen grunds\u00e4tzlich in jeder Form oder L\u00e4nge eingereicht werden, sollten aber m\u00f6glichst pointiert und aktuelle Themen betreffen. \t\t\t\t\t\t  <\/div>\r\n\t\t\t\t\t\t<\/div>\r\n\t\t\t\t\t<\/div>\r\n\t\t\t\t\t<!-- Inner panel End -->\r\n\t\t\t\t\t\r\n\t\t\t\t\t\t\t\t\r\n\t\t\t\t\t<!-- Inner panel Start -->\r\n\t\t\t\t\t<div class=\"wpsm_panel wpsm_panel-default\">\r\n\t\t\t\t\t\t<div class=\"wpsm_panel-heading\" role=\"tab\" >\r\n\t\t\t\t\t\t  <h4 class=\"wpsm_panel-title\">\r\n\t\t\t\t\t\t\t<a  class=\"collapsed\"  data-toggle=\"collapse\" data-parent=\"#wpsm_accordion_818 \" href=\"javascript:void(0)\" data-target=\"#ac_818_collapse6\" onclick=\"do_resize()\">\r\n\t\t\t\t\t\t\t\t\t\t\t\t\t\t\t\t\t<span class=\"ac_open_cl_icon fa fa-plus\"><\/span>\r\n\t\t\t\t\t\t\t\t\t\r\n\t\t\t\t\t\t\t\t \r\n\t\t\t\t\t\t\t\t<span class=\"ac_title_class\">\r\n\t\t\t\t\t\t\t\t\t\t\t\t\t\t\t\t\t\t\t\t<span style=\"margin-right:6px;\" class=\"fa fa-comments\"><\/span>\r\n\t\t\t\t\t\t\t\t\tKontroverse\t\t\t\t\t\t\t\t<\/span>\r\n\t\t\t\t\t\t\t<\/a>\r\n\t\t\t\t\t\t  <\/h4>\r\n\t\t\t\t\t\t<\/div>\r\n\t\t\t\t\t\t<div id=\"ac_818_collapse6\" class=\"wpsm_panel-collapse collapse \"  >\r\n\t\t\t\t\t\t  <div class=\"wpsm_panel-body\">\r\n\t\t\t\t\t\t\tWo Technik ist, ist Differenz und Dissens nicht fern \u2013 laden Sie Autor:innen zu einem Streitgespr\u00e4ch ein. \r\n\r\nKontroversen k\u00f6nnen unterschiedliche Form haben: Briefwechsel oder individuelle Stellungnahmen zu einem umstrittenen Thema. Auch experimentelle Formate der Auseinandersetzung sind willkommen.\t\t\t\t\t\t  <\/div>\r\n\t\t\t\t\t\t<\/div>\r\n\t\t\t\t\t<\/div>\r\n\t\t\t\t\t<!-- Inner panel End -->\r\n\t\t\t\t\t\r\n\t\t\t\t\t\t\t\t\r\n\t\t\t\t\t<!-- Inner panel Start -->\r\n\t\t\t\t\t<div class=\"wpsm_panel wpsm_panel-default\">\r\n\t\t\t\t\t\t<div class=\"wpsm_panel-heading\" role=\"tab\" >\r\n\t\t\t\t\t\t  <h4 class=\"wpsm_panel-title\">\r\n\t\t\t\t\t\t\t<a  class=\"collapsed\"  data-toggle=\"collapse\" data-parent=\"#wpsm_accordion_818 \" href=\"javascript:void(0)\" data-target=\"#ac_818_collapse7\" onclick=\"do_resize()\">\r\n\t\t\t\t\t\t\t\t\t\t\t\t\t\t\t\t\t<span class=\"ac_open_cl_icon fa fa-plus\"><\/span>\r\n\t\t\t\t\t\t\t\t\t\r\n\t\t\t\t\t\t\t\t \r\n\t\t\t\t\t\t\t\t<span class=\"ac_title_class\">\r\n\t\t\t\t\t\t\t\t\t\t\t\t\t\t\t\t\t\t\t\t<span style=\"margin-right:6px;\" class=\"fa fa-pencil\"><\/span>\r\n\t\t\t\t\t\t\t\t\tGlosse\t\t\t\t\t\t\t\t<\/span>\r\n\t\t\t\t\t\t\t<\/a>\r\n\t\t\t\t\t\t  <\/h4>\r\n\t\t\t\t\t\t<\/div>\r\n\t\t\t\t\t\t<div id=\"ac_818_collapse7\" class=\"wpsm_panel-collapse collapse \"  >\r\n\t\t\t\t\t\t  <div class=\"wpsm_panel-body\">\r\n\t\t\t\t\t\t\tKleine Dinge, spitze Zunge \u2013 senden Sie uns Ihren Einwurf zum technisch Abseitigen oder Aktuellem zu.\t\t\t\t\t\t  <\/div>\r\n\t\t\t\t\t\t<\/div>\r\n\t\t\t\t\t<\/div>\r\n\t\t\t\t\t<!-- Inner panel End -->\r\n\t\t\t\t\t\r\n\t\t\t\t\t\t\t<\/div>\r\n\t\t\t\r\n<script type=\"text\/javascript\">\r\n\t\r\n\t\tfunction do_resize(){\r\n\r\n\t\t\tvar width=jQuery( '.wpsm_panel .wpsm_panel-body iframe' ).width();\r\n\t\t\tvar height=jQuery( '.wpsm_panel .wpsm_panel-body iframe' ).height();\r\n\r\n\t\t\tvar toggleSize = true;\r\n\t\t\tjQuery('iframe').animate({\r\n\t\t\t    width: toggleSize ? width : 640,\r\n\t\t\t    height: toggleSize ? height : 360\r\n\t\t\t  }, 250);\r\n\r\n\t\t\t  toggleSize = !toggleSize;\r\n\t\t}\r\n\t\t\r\n<\/script>\t\n\n\n\n<p><\/p>\n\n\n\n<p>Beitr\u00e4ge k\u00f6nnen in deutscher, englischer oder franz\u00f6sischer Sprache eingereicht werden. Ein zweistufiges Begutachtungsverfahren (double-blind peer review) ist Voraussetzung f\u00fcr Aufsatzpublikationen. Kontroversen, Kommentare, Rezensionen und Glossen begutachtet die Redaktion.&nbsp;<\/p>\n\n\n\n<p>Hier finden Sie unsere Stylesheets in Deutsch und Englisch (ZIP-Dateien):<\/p>\n\n\n\n<div class=\"wp-block-file\"><a href=\"https:\/\/jtphil.de\/wp-content\/uploads\/2021\/12\/Autorenpaket-JTPhil.zip\">Autorenpaket JTPhil<\/a><a href=\"https:\/\/jtphil.de\/wp-content\/uploads\/2021\/12\/Autorenpaket-JTPhil.zip\" class=\"wp-block-file__button\" download>Herunterladen<\/a><\/div>\n\n\n\n<div class=\"wp-block-file\"><a href=\"https:\/\/jtphil.de\/wp-content\/uploads\/2021\/12\/Guidelines-JTPhil-english.zip\">Guidelines JTPhil english<\/a><a href=\"https:\/\/jtphil.de\/wp-content\/uploads\/2021\/12\/Guidelines-JTPhil-english.zip\" class=\"wp-block-file__button\" download>Herunterladen<\/a><\/div>\n\n\n\n<p><\/p>\n\n\n\n<p>Einsendungen, Vorschl\u00e4ge oder Anfragen richten Sie bitte per E-Mail an die Redaktion:&nbsp;<a href=\"javascript:secureDecryptAndNavigate('pn+gEGXUtiefIQhdIPRtuZS9ymLoAn7ghhxW8NwvZ52k\/LUVk3PL1tdG9z9v+ge\/25Iux2jewa+6qAIpdKc9L3LjGXxigMoAQA1ibgjJ3xLldIBU', 'a6b810645875bcd1dc047d0caab5d8e9ef8c8f9603a24a120f1451edcb920a08')\"><strong><a href=\"javascript:secureDecryptAndNavigate('pn+gEGXUtiefIQhdIPRtuZS9ymLoAn7ghhxW8NwvZ52k\/LUVk3PL1tdG9z9v+ge\/25Iux2jewa+6qAIpdKc9L3LjGXxigMoAQA1ibgjJ3xLldIBU', 'a6b810645875bcd1dc047d0caab5d8e9ef8c8f9603a24a120f1451edcb920a08')\">Mail to<\/a><\/strong><\/a><\/p>\n","protected":false},"excerpt":{"rendered":"<p>Sie k\u00f6nnen uns zu allen unten genannten Rubriken des Jahrbuchs jederzeit Vorschl\u00e4ge und Texte einsenden. Beitr\u00e4ge k\u00f6nnen in deutscher, englischer oder franz\u00f6sischer Sprache eingereicht werden. Ein zweistufiges Begutachtungsverfahren (double-blind peer review) ist Voraussetzung f\u00fcr Aufsatzpublikationen. Kontroversen, Kommentare, Rezensionen und Glossen begutachtet die Redaktion.&nbsp; Hier finden Sie unsere Stylesheets in Deutsch und Englisch (ZIP-Dateien): Einsendungen, Vorschl\u00e4ge [&hellip;]<\/p>\n","protected":false},"author":1,"featured_media":0,"parent":0,"menu_order":5,"comment_status":"closed","ping_status":"closed","template":"","meta":{"footnotes":"","_links_to":"","_links_to_target":""},"class_list":["post-89","page","type-page","status-publish","hentry"],"_links":{"self":[{"href":"https:\/\/jtphil.de\/index.php?rest_route=\/wp\/v2\/pages\/89","targetHints":{"allow":["GET"]}}],"collection":[{"href":"https:\/\/jtphil.de\/index.php?rest_route=\/wp\/v2\/pages"}],"about":[{"href":"https:\/\/jtphil.de\/index.php?rest_route=\/wp\/v2\/types\/page"}],"author":[{"embeddable":true,"href":"https:\/\/jtphil.de\/index.php?rest_route=\/wp\/v2\/users\/1"}],"replies":[{"embeddable":true,"href":"https:\/\/jtphil.de\/index.php?rest_route=%2Fwp%2Fv2%2Fcomments&post=89"}],"version-history":[{"count":18,"href":"https:\/\/jtphil.de\/index.php?rest_route=\/wp\/v2\/pages\/89\/revisions"}],"predecessor-version":[{"id":976,"href":"https:\/\/jtphil.de\/index.php?rest_route=\/wp\/v2\/pages\/89\/revisions\/976"}],"wp:attachment":[{"href":"https:\/\/jtphil.de\/index.php?rest_route=%2Fwp%2Fv2%2Fmedia&parent=89"}],"curies":[{"name":"wp","href":"https:\/\/api.w.org\/{rel}","templated":true}]}}